{"id":10,"date":"2013-12-10T20:45:54","date_gmt":"2013-12-10T18:45:54","guid":{"rendered":"http:\/\/d17519.ispservices.at\/?page_id=10"},"modified":"2023-10-07T18:00:59","modified_gmt":"2023-10-07T16:00:59","slug":"ausflugsziele","status":"publish","type":"page","link":"http:\/\/www.gasthaus-kirchberger.at\/?page_id=10","title":{"rendered":"Ausflugsziele"},"content":{"rendered":"<h1>Ausflugsziele<\/h1>\n<ul>\n<li>Unser Gasthaus Kirchberger und Kegelbahnen liegt in Himberg im Hinterland der Wachau. Hier gibt es f\u00fcr Radfahrer und Wanderer <strong>gute Wander- und Ausflugsm\u00f6glichkeiten<\/strong> in die freie Natur. Mehr Infos unter: <a href=\"http:\/\/www.bergfex.at\/sommer\/wachau-nibelungengau-kremstal\/touren\/wandern\/\" target=\"_blank\" rel=\"noopener\">http:\/\/www.bergfex.at\/sommer\/wachau-nibelungengau-kremstal\/touren\/wandern\/<\/a><\/li>\n<li>Nat\u00fcrlich sind auch Radfahrer des <strong>Donauradwegs<\/strong> herzlich bei uns willkommen &#8211; unser Gasthaus ist die perfekte Rastst\u00e4tte zum Kr\u00e4ftetanken!<\/li>\n<li>Die <strong>Gudenush\u00f6hle<\/strong>, die sich im Burgfelsen unterhalb der Burg Hartenstein bei Albrechtsberg befindet, ist vermutlich eine der \u00e4ltesten Siedlungsst\u00e4tten in Mitteleuropa, in der verschiedene Objekte steinzeitlicher Kulturen gefunden wurden. Ausgangspunkt f\u00fcr die Wanderung zur Gudenush\u00f6hle bei der Burg Hartenstein ist die Maigenm\u00fchle an der Stra\u00dfe von Weinzierl im Walde nach Albrechtsberg an der gro\u00dfen Krems, und dauert ca. 1 Stunde. Ein geologischer Lehrpfad in der unmittelbaren Umgebung gew\u00e4hrt in neun Stationen Einblick in die Gebirgsbildung und den geologischen Aufbau des Waldviertels.<\/li>\n<li>Sehr zu empfehlen ist die <strong>Whisky-Erlebniswelt<\/strong> der Familie Haider in Roggenreith. Die 1. Whiskydestillerie \u00d6sterreichs bietet F\u00fchrungen mit Informationen rund um die Whiskyerzeugung\u00a0mit anschlie\u00dfender Verkostung des preisgekr\u00f6nten Waldviertler Whisky. Mehr Infos unter: <a href=\"http:\/\/www.roggenhof.at\" target=\"_blank\" rel=\"noopener\">http:\/\/www.roggenhof.at<\/a><\/li>\n<li>Jedes Jahr zur <strong>Sommersonnenwende<\/strong> geht die Wachau in Flammen auf. \u201eDie brennende Wachau\u201c begeistert Besucher und Einheimische jedes Jahr mit Feuerwerken, beleuchteten Schiffen und \u00f6rtlichen Spezialit\u00e4ten, und das seit \u00fcber 400 Jahren. Ein Ereignis, das man gesehen haben muss! Mehr Infos unter: <a href=\"http:\/\/www.sonnenwende.at\" target=\"_blank\" rel=\"noopener\">http:\/\/www.sonnenwende.at<\/a><\/li>\n<li>Link zur Tourismusinformationsseite der Wachau: <a href=\"http:\/\/www.wachau.at\" target=\"_blank\" rel=\"noopener\">http:\/\/www.wachau.at<\/a><\/li>\n<\/ul>\n","protected":false},"excerpt":{"rendered":"<p>Ausflugsziele Unser Gasthaus Kirchberger und Kegelbahnen liegt in Himberg im Hinterland der Wachau. Hier gibt es f\u00fcr Radfahrer und Wanderer gute Wander- und Ausflugsm\u00f6glichkeiten in die freie Natur. Mehr Infos unter: http:\/\/www.bergfex.at\/sommer\/wachau-nibelungengau-kremstal\/touren\/wandern\/ Nat\u00fcrlich sind auch Radfahrer des Donauradwegs herzlich bei uns willkommen &#8211; unser Gasthaus ist die perfekte Rastst\u00e4tte zum Kr\u00e4ftetanken! Die Gudenush\u00f6hle, die sich [&hellip;]<\/p>\n","protected":false},"author":1,"featured_media":0,"parent":0,"menu_order":2,"comment_status":"open","ping_status":"closed","template":"","meta":[],"_links":{"self":[{"href":"http:\/\/www.gasthaus-kirchberger.at\/index.php?rest_route=\/wp\/v2\/pages\/10"}],"collection":[{"href":"http:\/\/www.gasthaus-kirchberger.at\/index.php?rest_route=\/wp\/v2\/pages"}],"about":[{"href":"http:\/\/www.gasthaus-kirchberger.at\/index.php?rest_route=\/wp\/v2\/types\/page"}],"author":[{"embeddable":true,"href":"http:\/\/www.gasthaus-kirchberger.at\/index.php?rest_route=\/wp\/v2\/users\/1"}],"replies":[{"embeddable":true,"href":"http:\/\/www.gasthaus-kirchberger.at\/index.php?rest_route=%2Fwp%2Fv2%2Fcomments&post=10"}],"version-history":[{"count":7,"href":"http:\/\/www.gasthaus-kirchberger.at\/index.php?rest_route=\/wp\/v2\/pages\/10\/revisions"}],"predecessor-version":[{"id":523,"href":"http:\/\/www.gasthaus-kirchberger.at\/index.php?rest_route=\/wp\/v2\/pages\/10\/revisions\/523"}],"wp:attachment":[{"href":"http:\/\/www.gasthaus-kirchberger.at\/index.php?rest_route=%2Fwp%2Fv2%2Fmedia&parent=10"}],"curies":[{"name":"wp","href":"https:\/\/api.w.org\/{rel}","templated":true}]}}