{"id":12,"date":"2013-12-10T20:46:16","date_gmt":"2013-12-10T18:46:16","guid":{"rendered":"http:\/\/d17519.ispservices.at\/?page_id=12"},"modified":"2023-10-07T17:58:07","modified_gmt":"2023-10-07T15:58:07","slug":"12-2","status":"publish","type":"page","link":"http:\/\/www.gasthaus-kirchberger.at\/?page_id=12","title":{"rendered":"Kontakt"},"content":{"rendered":"<h1>Kontakt zu Gasthaus Kirchberger &amp; Kegelbahnen<\/h1>\n<p>Harald Kirchberger<br \/>\n3611 Himberg 32<br \/>\nTelefon: 02876\/88033<br \/>\nFax: 02876\/88033<br \/>\n<a href=\"mailto:gkk.kirchberger@aon.at\">gkk.kirchberger@aon.at<\/a><\/p>\n<p>Durchgehend warme K\u00fcche bis 20:30 Uhr \u2013 Dienstag und Mittwoch Ruhetage<\/p>\n<p>Bei gr\u00f6\u00dferen Gruppen bitten wir um Reservierung \u2013 unsere Telefonnummer: 02876\/88033<\/p>\n<p>Gro\u00dfer Parkplatz mit gen\u00fcgend Parkm\u00f6glichkeiten und zus\u00e4tzlichen Behindertenparkpl\u00e4tzen welche einen direkten und barrierefreien Zugang zum Gasthaus bieten!<\/p>\n","protected":false},"excerpt":{"rendered":"<p>Kontakt zu Gasthaus Kirchberger &amp; Kegelbahnen Harald Kirchberger 3611 Himberg 32 Telefon: 02876\/88033 Fax: 02876\/88033 gkk.kirchberger@aon.at Durchgehend warme K\u00fcche bis 20:30 Uhr \u2013 Dienstag und Mittwoch Ruhetage Bei gr\u00f6\u00dferen Gruppen bitten wir um Reservierung \u2013 unsere Telefonnummer: 02876\/88033 Gro\u00dfer Parkplatz mit gen\u00fcgend Parkm\u00f6glichkeiten und zus\u00e4tzlichen Behindertenparkpl\u00e4tzen welche einen direkten und barrierefreien Zugang zum Gasthaus bieten!<\/p>\n","protected":false},"author":1,"featured_media":0,"parent":0,"menu_order":0,"comment_status":"open","ping_status":"closed","template":"","meta":[],"_links":{"self":[{"href":"http:\/\/www.gasthaus-kirchberger.at\/index.php?rest_route=\/wp\/v2\/pages\/12"}],"collection":[{"href":"http:\/\/www.gasthaus-kirchberger.at\/index.php?rest_route=\/wp\/v2\/pages"}],"about":[{"href":"http:\/\/www.gasthaus-kirchberger.at\/index.php?rest_route=\/wp\/v2\/types\/page"}],"author":[{"embeddable":true,"href":"http:\/\/www.gasthaus-kirchberger.at\/index.php?rest_route=\/wp\/v2\/users\/1"}],"replies":[{"embeddable":true,"href":"http:\/\/www.gasthaus-kirchberger.at\/index.php?rest_route=%2Fwp%2Fv2%2Fcomments&post=12"}],"version-history":[{"count":11,"href":"http:\/\/www.gasthaus-kirchberger.at\/index.php?rest_route=\/wp\/v2\/pages\/12\/revisions"}],"predecessor-version":[{"id":530,"href":"http:\/\/www.gasthaus-kirchberger.at\/index.php?rest_route=\/wp\/v2\/pages\/12\/revisions\/530"}],"wp:attachment":[{"href":"http:\/\/www.gasthaus-kirchberger.at\/index.php?rest_route=%2Fwp%2Fv2%2Fmedia&parent=12"}],"curies":[{"name":"wp","href":"https:\/\/api.w.org\/{rel}","templated":true}]}}