{"id":2,"date":"2013-12-10T17:47:14","date_gmt":"2013-12-10T15:47:14","guid":{"rendered":"http:\/\/d17519.ispservices.at\/?page_id=2"},"modified":"2026-03-11T21:01:01","modified_gmt":"2026-03-11T19:01:01","slug":"beispiel-seite","status":"publish","type":"page","link":"http:\/\/www.gasthaus-kirchberger.at\/","title":{"rendered":"Home"},"content":{"rendered":"<h1><a href=\"http:\/\/www.gasthaus-kirchberger.at\/wp-content\/uploads\/2024\/10\/Stellenausschreibung-scaled.jpg\"><img loading=\"lazy\" class=\"aligncenter size-large wp-image-565\" src=\"http:\/\/www.gasthaus-kirchberger.at\/wp-content\/uploads\/2024\/10\/Stellenausschreibung-724x1024.jpg\" alt=\"\" width=\"625\" height=\"884\" srcset=\"http:\/\/www.gasthaus-kirchberger.at\/wp-content\/uploads\/2024\/10\/Stellenausschreibung-724x1024.jpg 724w, http:\/\/www.gasthaus-kirchberger.at\/wp-content\/uploads\/2024\/10\/Stellenausschreibung-212x300.jpg 212w, http:\/\/www.gasthaus-kirchberger.at\/wp-content\/uploads\/2024\/10\/Stellenausschreibung-768x1086.jpg 768w, http:\/\/www.gasthaus-kirchberger.at\/wp-content\/uploads\/2024\/10\/Stellenausschreibung-1086x1536.jpg 1086w, http:\/\/www.gasthaus-kirchberger.at\/wp-content\/uploads\/2024\/10\/Stellenausschreibung-1448x2048.jpg 1448w, http:\/\/www.gasthaus-kirchberger.at\/wp-content\/uploads\/2024\/10\/Stellenausschreibung-624x883.jpg 624w, http:\/\/www.gasthaus-kirchberger.at\/wp-content\/uploads\/2024\/10\/Stellenausschreibung-scaled.jpg 1810w\" sizes=\"(max-width: 625px) 100vw, 625px\" \/><\/a><\/h1>\n<h1><span style=\"font-size: 1.5rem;\">Gasthaus Kirchberger &amp; Kegelbahnen<\/span><\/h1>\n<p>Das Gasthaus Kirchberger &amp; Kegelbahnen in Himberg ist der regionale Treffpunkt f\u00fcr Jung und Alt. Mit traditioneller und gut b\u00fcrgerlicher Hausmannskost und auch ausgefalleneren und saisonalen Schmankerln findet in unserem Gasthaus jeder etwas, das ihm mundet.<\/p>\n<p>In unserem gro\u00dfz\u00fcgig ausgebauten Keller findet sich f\u00fcr unternehmungslustige G\u00e4ste mit einer Bar, Kegelbahnen und vielen anderen Spielem\u00f6glichkeiten genug Raum f\u00fcr Spa\u00df und Unterhaltung. Unser Lokal hat eine sehr sch\u00f6ne Lage im Hinterland der Wachau, und ist mit seinem gro\u00dfen Parkplatz und der lauschigen Gaststube somit auch f\u00fcr m\u00fcde Wanderer oder Radfahrer mit knurrendem Magen eine willkommene Raststation.<\/p>\n<h4><\/h4>\n","protected":false},"excerpt":{"rendered":"<p>Gasthaus Kirchberger &amp; Kegelbahnen Das Gasthaus Kirchberger &amp; Kegelbahnen in Himberg ist der regionale Treffpunkt f\u00fcr Jung und Alt. Mit traditioneller und gut b\u00fcrgerlicher Hausmannskost und auch ausgefalleneren und saisonalen Schmankerln findet in unserem Gasthaus jeder etwas, das ihm mundet. In unserem gro\u00dfz\u00fcgig ausgebauten Keller findet sich f\u00fcr unternehmungslustige G\u00e4ste mit einer Bar, Kegelbahnen und [&hellip;]<\/p>\n","protected":false},"author":1,"featured_media":0,"parent":0,"menu_order":5,"comment_status":"open","ping_status":"closed","template":"","meta":[],"_links":{"self":[{"href":"http:\/\/www.gasthaus-kirchberger.at\/index.php?rest_route=\/wp\/v2\/pages\/2"}],"collection":[{"href":"http:\/\/www.gasthaus-kirchberger.at\/index.php?rest_route=\/wp\/v2\/pages"}],"about":[{"href":"http:\/\/www.gasthaus-kirchberger.at\/index.php?rest_route=\/wp\/v2\/types\/page"}],"author":[{"embeddable":true,"href":"http:\/\/www.gasthaus-kirchberger.at\/index.php?rest_route=\/wp\/v2\/users\/1"}],"replies":[{"embeddable":true,"href":"http:\/\/www.gasthaus-kirchberger.at\/index.php?rest_route=%2Fwp%2Fv2%2Fcomments&post=2"}],"version-history":[{"count":164,"href":"http:\/\/www.gasthaus-kirchberger.at\/index.php?rest_route=\/wp\/v2\/pages\/2\/revisions"}],"predecessor-version":[{"id":596,"href":"http:\/\/www.gasthaus-kirchberger.at\/index.php?rest_route=\/wp\/v2\/pages\/2\/revisions\/596"}],"wp:attachment":[{"href":"http:\/\/www.gasthaus-kirchberger.at\/index.php?rest_route=%2Fwp%2Fv2%2Fmedia&parent=2"}],"curies":[{"name":"wp","href":"https:\/\/api.w.org\/{rel}","templated":true}]}}