{"id":21,"date":"2013-12-10T22:10:52","date_gmt":"2013-12-10T20:10:52","guid":{"rendered":"http:\/\/d17519.ispservices.at\/?page_id=21"},"modified":"2023-10-07T20:40:34","modified_gmt":"2023-10-07T18:40:34","slug":"impressum","status":"publish","type":"page","link":"http:\/\/www.gasthaus-kirchberger.at\/?page_id=21","title":{"rendered":"Impressum"},"content":{"rendered":"<h1>Impressum Gasthaus Kirchberger &amp; Kegelbahnen<\/h1>\n<p>Offenlegung gem\u00e4\u00df \u00a7 5 Abs.1 nach \u00f6sterreichischem E-Commerce Gesetzes<\/p>\n<p><strong>Medieninhaber dieser Website<\/strong> :<br \/>\nHarald Kirchberger<br \/>\n3611 Himberg 32<br \/>\nTel: 02876 \/ 88033<br \/>\nEmail: <a href=\"mailto:gkk.kirchberger@aon.at\">gkk.kirchberger@aon.at<\/a><br \/>\nWeb: <a href=\"http:\/\/www.gasthaus-kirchberger.at\">www.gasthaus-kirchberger.at<\/a><br \/>\nUID-Nr.: ATU 78781007<\/p>\n<p><strong>Offenlegung nach Mediengesetz:<\/strong><br \/>\nBezirkshauptmannschaft Innsbruck<br \/>\nUnternehmensgegenstand:\u00a0Gastronomie \/ Gastst\u00e4tte<br \/>\nGesch\u00e4ftsf\u00fchrer: Harald Kirchberger<\/p>\n<p>Die \u00f6sterreichische Gewerbeordnung 1994 kann unter <a href=\"http:\/\/www.ris.bka.gv.at\/\" target=\"_blank\" rel=\"noopener\">http:\/\/www.ris.bka.gv.at\/ <\/a> aufgerufen werden.<\/p>\n<p><strong><strong>Konzeption &amp; Design<\/strong><br \/>\n<\/strong> StuCon<\/p>\n<p><strong>Copyright<\/strong><\/p>\n<p>Inhalt, Struktur und Layout dieser Seite sind urheberrechtlich gesch\u00fctzt. Urheberrechte f\u00fcr Bildmaterial, Texte und andere gesch\u00fctzte Werke, Marken und Kennzeichen werden dadurch nicht beschnitten. Zur pers\u00f6nlichen, nicht kommerziellen Nutzung, darf der dargestellte Inhalt heruntergeladen, gedruckt und verteilt werden, wenn der Inhalt unver\u00e4ndert bleibt und die Quelle angegeben wird. Jede andere Verwendung der auf dieser Website verf\u00fcgbaren Inhalte zu einem anderen als dem oben genannten Zweck ist ohne ausdr\u00fcckliche, schriftliche Zustimmung des jeweiligen Urhebers untersagt.<\/p>\n<p><strong>Disclaimer<\/strong><\/p>\n<p>Nach den allgemeinen Gesetzen ist der Betreiber einer Seite f\u00fcr dessen Inhalt verantwortlich. Die Inhalte dieser Website wurden mit gr\u00f6\u00dfter Sorgfalt erstellt. F\u00fcr die Richtigkeit, Vollst\u00e4ndigkeit und Aktualit\u00e4t der auf dieser Website dargelegten einzelnen Seiten wird jedoch keine Haftung \u00fcbernommen. Die Website enth\u00e4lt unter anderem Links zu Websites von Dritten, auf deren Inhalt wir keinen Einfluss nehmen k\u00f6nnen und wir daher f\u00fcr deren Inhalt auch keine Gew\u00e4hr \u00fcbernehmen k\u00f6nnen. Die verlinkten Seiten wurden zum Zeitpunkt der Linksetzung auf m\u00f6gliche Rechtsverst\u00f6\u00dfe gepr\u00fcft. Eine permanente Kontrolle der verlinkten Websites ist jedoch wegen dem dauernden Wandel der Websites und der umfangreichen Linksammlung ohne konkreten Anhaltspunkt nicht zumutbar. Bei bekannt werden von Rechtsverletzungen werden anst\u00f6\u00dfige Links umgehend von uns entfernt.<\/p>\n<p><strong>Datenschutzhinweis<\/strong><\/p>\n<p>Diese Website benutzt Google Analytics, einen Webanalysedienst der Google Inc. (\u201eGoogle\u201d). Google Analytics verwendet sog. \u201eCookies\u201d, Textdateien, die auf Ihrem Computer gespeichert werden, die eine Analyse der Benutzung der Website durch Sie erm\u00f6glichen. Die durch den Cookie erzeugten Informationen \u00fcber die Benutzung dieser Website durch Sie (einschlie\u00dflich Ihrer IP-Adresse) werden an einen Server von Google in den USA \u00fcbertragen und dort gespeichert. Google wird diese Informationen benutzen, um Ihre Nutzung der Website auszuwerten, um Reports \u00fcber die Websiteaktivit\u00e4ten f\u00fcr die Websitebetreiber zusammenzustellen und um weitere mit der Websitenutzung und der Internetnutzung verbundene Dienstleistungen zu erbringen. Auch wird Google diese Informationen gegebenenfalls an Dritte \u00fcbertragen, sofern dies gesetzlich vorgeschrieben oder soweit Dritte diese Daten im Auftrag von Google verarbeiten. Soweit Google Adsense, ein Webanzeigendienst der Google Inc., USA (\u201cGoogle\u201d), auf dieser Website Werbung (Textanzeigen, Banner etc.) schaltet, speichert Ihr Browser eventuell ein von Google Inc. oder Dritten gesendetes Cookie. Die in dem Cookie gespeicherten Informationen k\u00f6nnen durch Google Inc. oder auch Dritte aufgezeichnet, gesammelt und ausgewertet werden. Dar\u00fcber hinaus verwendet Google Adsense zur Sammlung von Informationen auch sog. \u201cWebBacons\u201d (kleine unsichtbare Grafiken), durch deren Verwendung einfache Aktionen wie der Besucherverkehr auf der Webseite aufgezeichnet, gesammelt und ausgewertet werden k\u00f6nnen. Die durch den Cookie und\/oder Web Bacon erzeugten Informationen \u00fcber Ihre Nutzung dieser Website werden an einen Server von Google in den USA \u00fcbertragen und dort gespeichert. Google benutzt die so erhaltenen Informationen, um eine Auswertung Ihres Nutzungsverhaltens im Hinblick auf die AdSense-Anzeigen durchzuf\u00fchren. Google wird diese Informationen gegebenenfalls auch an Dritte \u00fcbertragen, sofern dies gesetzlich vorgeschrieben ist oder soweit Dritte diese Daten im Auftrag von Google verarbeiten.<\/p>\n<p>Ihre IP-Adresse wird von Google nicht mit anderen von Google gespeicherten Daten in Verbindung gebracht. Sie k\u00f6nnen das Speichern von Cookies auf Ihrer Festplatte und die Anzeige von Web Bacons verhindern. Dazu m\u00fcssen Sie in Ihren Browser-Einstellungen \u201ckeine Cookies akzeptieren\u201d w\u00e4hlen (Im Internet-Explorer unter \u201cExtras \/ Internetoptionen \/ Datenschutz \/ Einstellung\u201d, bei Firefox unter \u201cExtras \/ Einstellungen \/ Datenschutz \/ Cookies\u201d). Sie k\u00f6nnen dar\u00fcber hinaus die Erfassung der durch das Cookie erzeugten und auf Ihre Nutzung der Website bezogenen Daten (inkl. Ihrer IP-Adresse) an Google sowie die Verarbeitung dieser Daten durch Google verhindern, indem sie das unter dem <a href=\"http:\/\/tools.google.com\/dlpage\/gaoptout?hl=de\" target=\"_blank\" rel=\"noopener\">folgenden Link verf\u00fcgbare Browser-Plugin herunterladen und installieren<\/a> .<\/p>\n<p>Weitere Informationen \u00fcber die Datenschutzbestimmungen von Google finden Sie auf der Webseite von <a href=\"http:\/\/www.google.com\/privacypolicy.html\" target=\"_blank\" rel=\"noopener\">Google Analytics<\/a> .<\/p>\n","protected":false},"excerpt":{"rendered":"<p>Impressum Gasthaus Kirchberger &amp; Kegelbahnen Offenlegung gem\u00e4\u00df \u00a7 5 Abs.1 nach \u00f6sterreichischem E-Commerce Gesetzes Medieninhaber dieser Website : Harald Kirchberger 3611 Himberg 32 Tel: 02876 \/ 88033 Email: gkk.kirchberger@aon.at Web: www.gasthaus-kirchberger.at UID-Nr.: ATU 78781007 Offenlegung nach Mediengesetz: Bezirkshauptmannschaft Innsbruck Unternehmensgegenstand:\u00a0Gastronomie \/ Gastst\u00e4tte Gesch\u00e4ftsf\u00fchrer: Harald Kirchberger Die \u00f6sterreichische Gewerbeordnung 1994 kann unter http:\/\/www.ris.bka.gv.at\/ aufgerufen werden. Konzeption [&hellip;]<\/p>\n","protected":false},"author":1,"featured_media":0,"parent":2,"menu_order":0,"comment_status":"open","ping_status":"closed","template":"","meta":[],"_links":{"self":[{"href":"http:\/\/www.gasthaus-kirchberger.at\/index.php?rest_route=\/wp\/v2\/pages\/21"}],"collection":[{"href":"http:\/\/www.gasthaus-kirchberger.at\/index.php?rest_route=\/wp\/v2\/pages"}],"about":[{"href":"http:\/\/www.gasthaus-kirchberger.at\/index.php?rest_route=\/wp\/v2\/types\/page"}],"author":[{"embeddable":true,"href":"http:\/\/www.gasthaus-kirchberger.at\/index.php?rest_route=\/wp\/v2\/users\/1"}],"replies":[{"embeddable":true,"href":"http:\/\/www.gasthaus-kirchberger.at\/index.php?rest_route=%2Fwp%2Fv2%2Fcomments&post=21"}],"version-history":[{"count":9,"href":"http:\/\/www.gasthaus-kirchberger.at\/index.php?rest_route=\/wp\/v2\/pages\/21\/revisions"}],"predecessor-version":[{"id":533,"href":"http:\/\/www.gasthaus-kirchberger.at\/index.php?rest_route=\/wp\/v2\/pages\/21\/revisions\/533"}],"up":[{"embeddable":true,"href":"http:\/\/www.gasthaus-kirchberger.at\/index.php?rest_route=\/wp\/v2\/pages\/2"}],"wp:attachment":[{"href":"http:\/\/www.gasthaus-kirchberger.at\/index.php?rest_route=%2Fwp%2Fv2%2Fmedia&parent=21"}],"curies":[{"name":"wp","href":"https:\/\/api.w.org\/{rel}","templated":true}]}}