{"id":8,"date":"2013-12-10T20:45:28","date_gmt":"2013-12-10T18:45:28","guid":{"rendered":"http:\/\/d17519.ispservices.at\/?page_id=8"},"modified":"2020-06-26T12:01:45","modified_gmt":"2020-06-26T10:01:45","slug":"feiern","status":"publish","type":"page","link":"http:\/\/www.gasthaus-kirchberger.at\/?page_id=8","title":{"rendered":"Feiern"},"content":{"rendered":"<h1>Feiern<\/h1>\n<p>F\u00fcr gr\u00f6\u00dfere Feiern und Veranstaltungen\u00a0vor Ort hat unser Gasthaus Kirchberger &amp; Kegelbahnen nat\u00fcrlich auch etwas zu bieten: 200 Personen und mehr k\u00f6nnen in unserem ger\u00e4umigen Festsaal ihr Beisammensein bei gutem Essen und guter Laune genie\u00dfen.<\/p>\n<p>Um bis in den sp\u00e4ten Abend zu feiern und f\u00fcr Unterhaltung zu sorgen, bietet sich nat\u00fcrlich unsere Bar mit verschiedenen Unterhaltungsm\u00f6glichkeiten (Billard, Dart, Wuzzler) sowie die drei Kegelbahnen perfekt an.<\/p>\n<p>Sollten Sie Ihre Feier bei uns planen wollen, bitten wir Sie um Voranmeldung \u2013 gerne k\u00f6nnen Sie auch unsere R\u00e4umlichkeiten besichtigen.<\/p>\n","protected":false},"excerpt":{"rendered":"<p>Feiern F\u00fcr gr\u00f6\u00dfere Feiern und Veranstaltungen\u00a0vor Ort hat unser Gasthaus Kirchberger &amp; Kegelbahnen nat\u00fcrlich auch etwas zu bieten: 200 Personen und mehr k\u00f6nnen in unserem ger\u00e4umigen Festsaal ihr Beisammensein bei gutem Essen und guter Laune genie\u00dfen. Um bis in den sp\u00e4ten Abend zu feiern und f\u00fcr Unterhaltung zu sorgen, bietet sich nat\u00fcrlich unsere Bar mit [&hellip;]<\/p>\n","protected":false},"author":1,"featured_media":0,"parent":0,"menu_order":3,"comment_status":"open","ping_status":"closed","template":"","meta":[],"_links":{"self":[{"href":"http:\/\/www.gasthaus-kirchberger.at\/index.php?rest_route=\/wp\/v2\/pages\/8"}],"collection":[{"href":"http:\/\/www.gasthaus-kirchberger.at\/index.php?rest_route=\/wp\/v2\/pages"}],"about":[{"href":"http:\/\/www.gasthaus-kirchberger.at\/index.php?rest_route=\/wp\/v2\/types\/page"}],"author":[{"embeddable":true,"href":"http:\/\/www.gasthaus-kirchberger.at\/index.php?rest_route=\/wp\/v2\/users\/1"}],"replies":[{"embeddable":true,"href":"http:\/\/www.gasthaus-kirchberger.at\/index.php?rest_route=%2Fwp%2Fv2%2Fcomments&post=8"}],"version-history":[{"count":3,"href":"http:\/\/www.gasthaus-kirchberger.at\/index.php?rest_route=\/wp\/v2\/pages\/8\/revisions"}],"predecessor-version":[{"id":31,"href":"http:\/\/www.gasthaus-kirchberger.at\/index.php?rest_route=\/wp\/v2\/pages\/8\/revisions\/31"}],"wp:attachment":[{"href":"http:\/\/www.gasthaus-kirchberger.at\/index.php?rest_route=%2Fwp%2Fv2%2Fmedia&parent=8"}],"curies":[{"name":"wp","href":"https:\/\/api.w.org\/{rel}","templated":true}]}}